{"id":1355,"date":"2022-05-12T10:13:00","date_gmt":"2022-05-12T07:13:00","guid":{"rendered":"https:\/\/addjc.ro\/?page_id=1355"},"modified":"2025-03-20T11:46:00","modified_gmt":"2025-03-20T08:46:00","slug":"legislatie","status":"publish","type":"page","link":"https:\/\/addjc.ro\/en\/legislatie\/","title":{"rendered":"Legislation"},"content":{"rendered":"<div id=\"legislatie\" class=\"vc_row wpb_row vc_row-fluid vc_custom_1651660038290\"><div class=\"wpb_column vc_column_container vc_col-sm-12 vc_col-lg-offset-2 vc_col-lg-8 vc_col-md-offset-2 vc_col-md-8 vc_col-sm-offset-0\"><div class=\"vc_column-inner vc_custom_1492538940617\"><div class=\"wpb_wrapper\"><div id=\"ultimate-heading-925769f275ba897da\" class=\"uvc-heading ult-adjust-bottom-margin ultimate-heading-925769f275ba897da uvc-9120 accent-border-color\" data-hspacer=\"no_spacer\"  data-halign=\"center\" style=\"text-align:center\"><div class=\"uvc-heading-spacer no_spacer\" style=\"top\"><\/div><div class=\"uvc-main-heading ult-responsive\"  data-ultimate-target='.uvc-heading.ultimate-heading-925769f275ba897da h2'  data-responsive-json-new='{\"font-size\":\"desktop:50px;tablet_portrait:40px;\",\"line-height\":\"desktop:60px;tablet_portrait:50px;\"}' ><h2 style=\"font-weight:bold;margin-bottom:30px;\">Legislation<\/h2><\/div><div class=\"uvc-sub-heading ult-responsive\"  data-ultimate-target='.uvc-heading.ultimate-heading-925769f275ba897da .uvc-sub-heading '  data-responsive-json-new='{\"font-size\":\"desktop:16px;\",\"line-height\":\"desktop:38px;\"}'  style=\"font-family:&#039;Roboto Slab&#039;;font-weight:700;color:#000000;\"><\/p>\n<div id=\"comp-l09i0cs1\" class=\"txtTheme\" data-packed=\"false\" data-vertical-text=\"false\" data-min-height=\"133\">\n<div id=\"comp-l09i0cs1\" class=\"txtTheme\" data-packed=\"false\" data-vertical-text=\"false\" data-min-height=\"133\">\n<p class=\"font_7\"><span class=\"color_25\">Asocia\u021bia de Dezvoltare Durabil\u0103 a Jude\u021bului Constan\u021ba este organizat\u0103 \u0219i func\u021bioneaz\u0103 cu respectarea dispozi\u021biilor O.U.G. 57\/2019 privind Codul Administrativ, \u0219i a O.G. nr. 26\/2000.<\/span><\/p>\n<p class=\"font_7\"><span class=\"color_25\">The association is established, based on the right to free association, as a Romanian legal person of private law, without patrimonial purpose, of public utility.<\/span><\/p>\n<\/div>\n<div id=\"comp-l09hy87u\" class=\"\">\n<div class=\"stylablebutton1822084229__container\"><\/div>\n<\/div>\n<\/div>\n<p><\/div><\/div><\/div><\/div><\/div><div class=\"wpb_column vc_column_container vc_col-sm-12\"><div class=\"vc_column-inner\"><div class=\"wpb_wrapper\"><div class=\"vc_row wpb_row vc_inner vc_row-fluid\"><div class=\"wpb_column vc_column_container vc_col-sm-12\"><div class=\"vc_column-inner vc_custom_1492581301191\"><div class=\"wpb_wrapper\"><style type=\"text\/css\" data-type=\"the7_shortcodes-inline-css\">#default-btn-eefd11675727b302d33533b57de1a3db.ico-right-side > i {\n  margin-right: 0px;\n  margin-left: 8px;\n}\n#default-btn-eefd11675727b302d33533b57de1a3db > i {\n  margin-right: 8px;\n}\n<\/style><div class=\"btn-align-center\"><a href=\"https:\/\/legislatie.just.ro\/Public\/DetaliiDocumentAfis\/215925\" class=\"default-btn-shortcode dt-btn dt-btn-s link-hover-off\" target=\"_blank\" id=\"default-btn-eefd11675727b302d33533b57de1a3db\" rel=\"noopener\"><span>EMERGENCY ORDINANCE no. 57 of July 3, 2019 on the Administrative Code<\/span><\/a><\/div><\/div><\/div><\/div><\/div><div class=\"vc_row wpb_row vc_inner vc_row-fluid\"><div class=\"wpb_column vc_column_container vc_col-sm-12\"><div class=\"vc_column-inner vc_custom_1492581301191\"><div class=\"wpb_wrapper\"><style type=\"text\/css\" data-type=\"the7_shortcodes-inline-css\">#default-btn-2550699fae730d87ef0ce3b6e4c006e3.ico-right-side > i {\n  margin-right: 0px;\n  margin-left: 8px;\n}\n#default-btn-2550699fae730d87ef0ce3b6e4c006e3 > i {\n  margin-right: 8px;\n}\n<\/style><div class=\"btn-align-center\"><a href=\"https:\/\/legislatie.just.ro\/Public\/DetaliiDocument\/20740\" class=\"default-btn-shortcode dt-btn dt-btn-s link-hover-off\" target=\"_blank\" id=\"default-btn-2550699fae730d87ef0ce3b6e4c006e3\" rel=\"noopener\"><span>ORDINANCE no. 26 of January 30, 2000 on associations and foundations<\/span><\/a><\/div><\/div><\/div><\/div><\/div><div class=\"vc_row wpb_row vc_inner vc_row-fluid\"><div class=\"wpb_column vc_column_container vc_col-sm-4\"><div class=\"vc_column-inner vc_custom_1492581301191\"><div class=\"wpb_wrapper\"><\/div><\/div><\/div><div class=\"wpb_column vc_column_container vc_col-sm-4\"><div class=\"vc_column-inner\"><div class=\"wpb_wrapper\"><\/div><\/div><\/div><div class=\"wpb_column vc_column_container vc_col-sm-4\"><div class=\"vc_column-inner\"><div class=\"wpb_wrapper\"><\/div><\/div><\/div><\/div><\/div><\/div><\/div><\/div><div id=\"contact\" class=\"vc_row wpb_row vc_row-fluid vc_custom_1492767219064 vc_row-o-equal-height vc_row-flex\"><div class=\"wpb_column vc_column_container vc_col-sm-12 vc_col-lg-6 vc_col-md-6\"><div class=\"vc_column-inner\"><div class=\"wpb_wrapper\"><div id=\"ultimate-heading-972369f275ba8a8bc\" class=\"uvc-heading ult-adjust-bottom-margin ultimate-heading-972369f275ba8a8bc uvc-6938 accent-border-color accent-subtitle-color\" data-hspacer=\"no_spacer\"  data-halign=\"left\" style=\"text-align:left\"><div class=\"uvc-heading-spacer no_spacer\" style=\"top\"><\/div><div class=\"uvc-main-heading ult-responsive\"  data-ultimate-target='.uvc-heading.ultimate-heading-972369f275ba8a8bc h2'  data-responsive-json-new='{\"font-size\":\"desktop:50px;tablet_portrait:40px;\",\"line-height\":\"desktop:60px;tablet_portrait:50px;\"}' ><h2 style=\"font-weight:bold;color:#ffffff;margin-bottom:30px;\">Contact<\/h2><\/div><\/div><div class=\"aio-icon-component  vc_custom_1655472320314  dt-phone style_1\"><div id=\"Info-box-wrap-6925\" class=\"aio-icon-box default-icon\" style=\"\"  ><div class=\"aio-icon-default\"><div class=\"ult-just-icon-wrapper\"><div class=\"align-icon\" style=\"text-align:center;\">\n<div class=\"aio-icon none\"  style=\"color:#ffffff;font-size:24px;display:inline-block;\">\n\t<i class=\"icomoon-font-awesome-14x14-phone\"><\/i>\n<\/div><\/div><\/div><\/div><div class=\"aio-icon-header\" ><h3 class=\"aio-icon-title ult-responsive\"  data-ultimate-target='#Info-box-wrap-6925 .aio-icon-title'  data-responsive-json-new='{\"font-size\":\"desktop:24px;\",\"line-height\":\"desktop:24px;\"}'  style=\"font-family:&#039;Open Sans&#039;;font-weight:700;color:#ffffff;\">+40 734 843 073<\/h3><\/div> <!-- header --><\/div> <!-- aio-icon-box --><\/div> <!-- aio-icon-component --><div class=\"aio-icon-component  vc_custom_1651574688094   style_1\"><div id=\"Info-box-wrap-1152\" class=\"aio-icon-box default-icon\" style=\"\"  ><div class=\"aio-icon-default\"><div class=\"ult-just-icon-wrapper\"><div class=\"align-icon\" style=\"text-align:center;\">\n<div class=\"aio-icon none\"  style=\"color:#ffffff;font-size:24px;display:inline-block;\">\n\t<i class=\"icomoon-font-awesome-14x14-envelope\"><\/i>\n<\/div><\/div><\/div><\/div><div class=\"aio-icon-header\" ><h3 class=\"aio-icon-title ult-responsive\"  data-ultimate-target='#Info-box-wrap-1152 .aio-icon-title'  data-responsive-json-new='{\"font-size\":\"desktop:18px;\",\"line-height\":\"desktop:24px;\"}'  style=\"font-family:&#039;Open Sans&#039;;font-weight:700;color:#ffffff;\">cabinet.presedinte@add-ct.ro<\/h3><\/div> <!-- header --><\/div> <!-- aio-icon-box --><\/div> <!-- aio-icon-component --><div class=\"aio-icon-component  vc_custom_1742460356646   style_1\"><div id=\"Info-box-wrap-1747\" class=\"aio-icon-box default-icon\" style=\"\"  ><div class=\"aio-icon-default\"><div class=\"ult-just-icon-wrapper\"><div class=\"align-icon\" style=\"text-align:center;\">\n<div class=\"aio-icon none\"  style=\"color:#ffffff;font-size:24px;display:inline-block;\">\n\t<i class=\"icomoon-font-awesome-14x14-home\"><\/i>\n<\/div><\/div><\/div><\/div><div class=\"aio-icon-header\" ><h3 class=\"aio-icon-title ult-responsive\"  data-ultimate-target='#Info-box-wrap-1747 .aio-icon-title'  data-responsive-json-new='{\"font-size\":\"desktop:18px;\",\"line-height\":\"desktop:24px;\"}'  style=\"font-family:&#039;Open Sans&#039;;font-weight:700;color:#ffffff;\">Strada Nicolae Titulescu nr. 32, Constan\u021ba, jud. Constan\u021ba, 900734<\/h3><\/div> <!-- header --><\/div> <!-- aio-icon-box --><\/div> <!-- aio-icon-component --><div class=\"aio-icon-component  vc_custom_1742457252191   style_1\"><div id=\"Info-box-wrap-2536\" class=\"aio-icon-box default-icon\" style=\"\"  ><div class=\"aio-icon-default\"><div class=\"ult-just-icon-wrapper\"><div class=\"align-icon\" style=\"text-align:center;\">\n<div class=\"aio-icon none\"  style=\"color:#ffffff;font-size:24px;display:inline-block;\">\n\t<i class=\"icomoon-font-awesome-14x14-calendar\"><\/i>\n<\/div><\/div><\/div><\/div><div class=\"aio-icon-header\" ><h3 class=\"aio-icon-title ult-responsive\"  data-ultimate-target='#Info-box-wrap-2536 .aio-icon-title'  data-responsive-json-new='{\"font-size\":\"desktop:18px;\",\"line-height\":\"desktop:28px;\"}'  style=\"font-family:&#039;Open Sans&#039;;font-weight:700;color:#ffffff;\">Luni - Joi: 08.00 - 16.30<\/h3><\/div> <!-- header --><\/div> <!-- aio-icon-box --><\/div> <!-- aio-icon-component --><div class=\"aio-icon-component  vc_custom_1742457270091   style_1\"><div id=\"Info-box-wrap-4871\" class=\"aio-icon-box default-icon\" style=\"\"  ><div class=\"aio-icon-default\"><div class=\"ult-just-icon-wrapper\"><div class=\"align-icon\" style=\"text-align:center;\">\n<div class=\"aio-icon none\"  style=\"color:#ffffff;font-size:24px;display:inline-block;\">\n\t<i class=\"icomoon-font-awesome-14x14-calendar\"><\/i>\n<\/div><\/div><\/div><\/div><div class=\"aio-icon-header\" ><h3 class=\"aio-icon-title ult-responsive\"  data-ultimate-target='#Info-box-wrap-4871 .aio-icon-title'  data-responsive-json-new='{\"font-size\":\"desktop:18px;\",\"line-height\":\"desktop:28px;\"}'  style=\"font-family:&#039;Open Sans&#039;;font-weight:700;color:#ffffff;\">Vineri: 08.00 - 14.00<\/h3><\/div> <!-- header --><\/div> <!-- aio-icon-box --><\/div> <!-- aio-icon-component --><div class=\"uavc-icons\">\n<a class=\"aio-tooltip 69f275ba8aba4\" href=\"#\" target=\"_blank\" rel=\"noopener\"  data-toggle=\"tooltip\" data-placement=\"top\" title=\"Facebook\"><div class=\"aio-icon circle\" data-animation=\"\" data-animation-delay=\"03\" style=\"color:#ffffff;background:#3d5ccc;font-size:24px;margin-right:5px;\">\n\t<i class=\"icomoon-font-awesome-14x14-facebook-official\"><\/i>\n<\/div><\/a>\n<a class=\"aio-tooltip 69f275ba8abcc\" href=\"#\" target=\"_blank\" rel=\"noopener\"  data-toggle=\"tooltip\" data-placement=\"top\" title=\"Twitter\"><div class=\"aio-icon circle\" data-animation=\"\" data-animation-delay=\"03\" style=\"color:#ffffff;background:#26b8d6;font-size:24px;margin-right:5px;\">\n\t<i class=\"icomoon-font-awesome-14x14-twitter-square\"><\/i>\n<\/div><\/a>\n<a class=\"aio-tooltip 69f275ba8abeb\" href=\"#\" target=\"_blank\" rel=\"noopener\"  data-toggle=\"tooltip\" data-placement=\"top\" title=\"Instagram\"><div class=\"aio-icon circle\" data-animation=\"\" data-animation-delay=\"03\" style=\"color:#ffffff;background:#b42ccc;font-size:24px;margin-right:5px;\">\n\t<i class=\"icomoon-font-awesome-14x14-instagram\"><\/i>\n<\/div><\/a>\n<a class=\"aio-tooltip 69f275ba8ac07\" href=\"#\" target=\"_blank\" rel=\"noopener\"  data-toggle=\"tooltip\" data-placement=\"top\" title=\"YouTube\"><div class=\"aio-icon circle\" data-animation=\"\" data-animation-delay=\"03\" style=\"color:#ffffff;background:#cc2e2e;font-size:24px;margin-right:5px;\">\n\t<i class=\"icomoon-font-awesome-14x14-youtube-square\"><\/i>\n<\/div><\/a><\/div><\/div><\/div><\/div><div class=\"wpb_column vc_column_container vc_col-sm-12 vc_col-lg-6 vc_col-md-6\"><div class=\"vc_column-inner\"><div class=\"wpb_wrapper\">\n\t<div class=\"wpb_text_column wpb_content_element  vc_custom_1655401065898\" >\n\t\t<div class=\"wpb_wrapper\">\n\t\t\t<p><span style=\"color: #ffffff;\">For requests or information,<\/span><br \/>\n<span style=\"color: #ffffff;\">Please use the following form:<\/span><\/p>\n\n\t\t<\/div>\n\t<\/div>\n\n<div class=\"wpcf7 no-js\" id=\"wpcf7-f1154-o1\" lang=\"en-GB\" dir=\"ltr\" data-wpcf7-id=\"1154\">\n<div class=\"screen-reader-response\"><p role=\"status\" aria-live=\"polite\" aria-atomic=\"true\"><\/p> <ul><\/ul><\/div>\n<form action=\"\/en\/wp-json\/wp\/v2\/pages\/1355#wpcf7-f1154-o1\" method=\"post\" class=\"wpcf7-form init\" aria-label=\"Contact form\" novalidate=\"novalidate\" data-status=\"init\" data-trp-original-action=\"\/en\/wp-json\/wp\/v2\/pages\/1355#wpcf7-f1154-o1\">\n<fieldset class=\"hidden-fields-container\"><input type=\"hidden\" name=\"_wpcf7\" value=\"1154\" \/><input type=\"hidden\" name=\"_wpcf7_version\" value=\"6.1.5\" \/><input type=\"hidden\" name=\"_wpcf7_locale\" value=\"en_GB\" \/><input type=\"hidden\" name=\"_wpcf7_unit_tag\" value=\"wpcf7-f1154-o1\" \/><input type=\"hidden\" name=\"_wpcf7_container_post\" value=\"0\" \/><input type=\"hidden\" name=\"_wpcf7_posted_data_hash\" value=\"\" \/><input type=\"hidden\" name=\"_wpcf7_recaptcha_response\" value=\"\" \/>\n<\/fieldset>\n<p><span class=\"contact-form-white-titles\">Name*<\/span><br \/>\n<span class=\"wpcf7-form-control-wrap\" data-name=\"your-name\"><input size=\"40\" maxlength=\"400\" class=\"wpcf7-form-control wpcf7-text wpcf7-validates-as-required required\" aria-required=\"true\" aria-invalid=\"false\" value=\"\" type=\"text\" name=\"your-name\" \/><\/span><br \/>\n<span class=\"contact-form-white-titles\">Email*<\/span><br \/>\n<span class=\"wpcf7-form-control-wrap\" data-name=\"your-mail\"><input size=\"40\" maxlength=\"400\" class=\"wpcf7-form-control wpcf7-email wpcf7-validates-as-required wpcf7-text wpcf7-validates-as-email required\" aria-required=\"true\" aria-invalid=\"false\" value=\"\" type=\"email\" name=\"your-mail\" \/><\/span><br \/>\n<span class=\"contact-form-white-titles\">Phone*<\/span><br \/>\n<span class=\"wpcf7-form-control-wrap\" data-name=\"your-phone\"><input size=\"40\" maxlength=\"400\" class=\"wpcf7-form-control wpcf7-text wpcf7-validates-as-required required\" aria-required=\"true\" aria-invalid=\"false\" value=\"\" type=\"text\" name=\"your-phone\" \/><\/span><br \/>\n<span class=\"contact-form-white-titles\">Message<\/span><br \/>\n<span class=\"wpcf7-form-control-wrap\" data-name=\"your-message\"><textarea cols=\"40\" rows=\"6\" maxlength=\"2000\" class=\"wpcf7-form-control wpcf7-textarea\" aria-invalid=\"false\" name=\"your-message\"><\/textarea><\/span>\n<\/p>\n<p><input class=\"wpcf7-form-control wpcf7-submit has-spinner\" type=\"submit\" value=\"Send!\" \/>\n<\/p><div class=\"wpcf7-response-output\" aria-hidden=\"true\"><\/div>\n<input type=\"hidden\" name=\"trp-form-language\" value=\"en\"\/><\/form>\n<\/div>\n<\/div><\/div><\/div><\/div><!-- Row Backgrounds --><div class=\"upb_bg_img\" data-ultimate-bg=\"url(https:\/\/addjc.ro\/wp-content\/uploads\/2016\/02\/tr-005.jpg)\" data-image-id=\"id^628|url^https:\/\/addjc.ro\/wp-content\/uploads\/2016\/02\/tr-005.jpg|caption^null|alt^null|title^tr-005|description^null\" data-ultimate-bg-style=\"vcpb-default\" data-bg-img-repeat=\"no-repeat\" data-bg-img-size=\"cover\" data-bg-img-position=\"\" data-parallx_sense=\"30\" data-bg-override=\"full\" data-bg_img_attach=\"fixed\" data-upb-overlay-color=\"rgba(0,0,0,0.75)\" data-upb-bg-animation=\"\" data-fadeout=\"\" data-bg-animation=\"left-animation\" data-bg-animation-type=\"h\" data-animation-repeat=\"repeat\" data-fadeout-percentage=\"30\" data-parallax-content=\"\" data-parallax-content-sense=\"30\" data-row-effect-mobile-disable=\"true\" data-img-parallax-mobile-disable=\"true\" data-rtl=\"false\"  data-custom-vc-row=\"\"  data-vc=\"6.8.0\"  data-is_old_vc=\"\"  data-theme-support=\"\"   data-overlay=\"true\" data-overlay-color=\"rgba(0,0,0,0.75)\" data-overlay-pattern=\"\" data-overlay-pattern-opacity=\"0.8\" data-overlay-pattern-size=\"\" data-overlay-pattern-attachment=\"scroll\"    ><\/div>","protected":false},"excerpt":{"rendered":"<p>Legisla\u021bie Asocia\u021bia de Dezvoltare Durabil\u0103 a Jude\u021bului Constan\u021ba este organizat\u0103 \u0219i func\u021bioneaz\u0103 cu respectarea dispozi\u021biilor O.U.G. 57\/2019 privind Codul Administrativ, \u0219i a O.G. nr. 26\/2000. Asocia\u021bia se \u00eenfiinteaz\u0103, \u00een baza dreptului la liber\u0103 asociere, ca persoan\u0103 juridic\u0103 rom\u00e2n\u0103 de drept privat, f\u0103r\u0103 scop patrimonial, de utilitate public\u0103. Contact +40 734 843 073 cabinet.presedinte@add-ct.ro Strada Nicolae&hellip;<\/p>","protected":false},"author":1,"featured_media":0,"parent":0,"menu_order":10,"comment_status":"closed","ping_status":"open","template":"template-microsite.php","meta":{"footnotes":""},"class_list":["post-1355","page","type-page","status-publish","hentry","description-off"],"yoast_head":"<!-- This site is optimized with the Yoast SEO plugin v27.5 - https:\/\/yoast.com\/product\/yoast-seo-wordpress\/ -->\n<title>Legisla\u021bie - Asociatia de Dezvoltare Durabila a Judetului Constanta<\/title>\n<meta name=\"robots\" content=\"index, follow, max-snippet:-1, max-image-preview:large, max-video-preview:-1\" \/>\n<link rel=\"canonical\" href=\"https:\/\/addjc.ro\/en\/legislatie\/\" \/>\n<meta property=\"og:locale\" content=\"en_US\" \/>\n<meta property=\"og:type\" content=\"article\" \/>\n<meta property=\"og:title\" content=\"Legisla\u021bie - Asociatia de Dezvoltare Durabila a Judetului Constanta\" \/>\n<meta property=\"og:url\" content=\"https:\/\/addjc.ro\/en\/legislatie\/\" \/>\n<meta property=\"og:site_name\" content=\"Asociatia de Dezvoltare Durabila a Judetului Constanta\" \/>\n<meta property=\"article:modified_time\" content=\"2025-03-20T08:46:00+00:00\" \/>\n<meta name=\"twitter:card\" content=\"summary_large_image\" \/>\n<meta name=\"twitter:label1\" content=\"Est. reading time\" \/>\n\t<meta name=\"twitter:data1\" content=\"2 minutes\" \/>\n<script type=\"application\/ld+json\" class=\"yoast-schema-graph\">{\"@context\":\"https:\\\/\\\/schema.org\",\"@graph\":[{\"@type\":\"WebPage\",\"@id\":\"https:\\\/\\\/addjc.ro\\\/legislatie\\\/\",\"url\":\"https:\\\/\\\/addjc.ro\\\/legislatie\\\/\",\"name\":\"Legisla\u021bie - Asociatia de Dezvoltare Durabila a Judetului Constanta\",\"isPartOf\":{\"@id\":\"https:\\\/\\\/addjc.ro\\\/#website\"},\"datePublished\":\"2022-05-12T07:13:00+00:00\",\"dateModified\":\"2025-03-20T08:46:00+00:00\",\"breadcrumb\":{\"@id\":\"https:\\\/\\\/addjc.ro\\\/legislatie\\\/#breadcrumb\"},\"inLanguage\":\"en-US\",\"potentialAction\":[{\"@type\":\"ReadAction\",\"target\":[\"https:\\\/\\\/addjc.ro\\\/legislatie\\\/\"]}]},{\"@type\":\"BreadcrumbList\",\"@id\":\"https:\\\/\\\/addjc.ro\\\/legislatie\\\/#breadcrumb\",\"itemListElement\":[{\"@type\":\"ListItem\",\"position\":1,\"name\":\"Prima pagin\u0103\",\"item\":\"https:\\\/\\\/addjc.ro\\\/\"},{\"@type\":\"ListItem\",\"position\":2,\"name\":\"Legisla\u021bie\"}]},{\"@type\":\"WebSite\",\"@id\":\"https:\\\/\\\/addjc.ro\\\/#website\",\"url\":\"https:\\\/\\\/addjc.ro\\\/\",\"name\":\"Asociatia de Dezvoltare Durabila a Judetului Constanta\",\"description\":\"Cel mai ambitios plan de dezvoltare\",\"potentialAction\":[{\"@type\":\"SearchAction\",\"target\":{\"@type\":\"EntryPoint\",\"urlTemplate\":\"https:\\\/\\\/addjc.ro\\\/?s={search_term_string}\"},\"query-input\":{\"@type\":\"PropertyValueSpecification\",\"valueRequired\":true,\"valueName\":\"search_term_string\"}}],\"inLanguage\":\"en-US\"}]}<\/script>\n<!-- \/ Yoast SEO plugin. -->","yoast_head_json":{"title":"Legisla\u021bie - Asociatia de Dezvoltare Durabila a Judetului Constanta","robots":{"index":"index","follow":"follow","max-snippet":"max-snippet:-1","max-image-preview":"max-image-preview:large","max-video-preview":"max-video-preview:-1"},"canonical":"https:\/\/addjc.ro\/en\/legislatie\/","og_locale":"en_US","og_type":"article","og_title":"Legisla\u021bie - Asociatia de Dezvoltare Durabila a Judetului Constanta","og_url":"https:\/\/addjc.ro\/en\/legislatie\/","og_site_name":"Asociatia de Dezvoltare Durabila a Judetului Constanta","article_modified_time":"2025-03-20T08:46:00+00:00","twitter_card":"summary_large_image","twitter_misc":{"Est. reading time":"2 minutes"},"schema":{"@context":"https:\/\/schema.org","@graph":[{"@type":"WebPage","@id":"https:\/\/addjc.ro\/legislatie\/","url":"https:\/\/addjc.ro\/legislatie\/","name":"Legisla\u021bie - Asociatia de Dezvoltare Durabila a Judetului Constanta","isPartOf":{"@id":"https:\/\/addjc.ro\/#website"},"datePublished":"2022-05-12T07:13:00+00:00","dateModified":"2025-03-20T08:46:00+00:00","breadcrumb":{"@id":"https:\/\/addjc.ro\/legislatie\/#breadcrumb"},"inLanguage":"en-US","potentialAction":[{"@type":"ReadAction","target":["https:\/\/addjc.ro\/legislatie\/"]}]},{"@type":"BreadcrumbList","@id":"https:\/\/addjc.ro\/legislatie\/#breadcrumb","itemListElement":[{"@type":"ListItem","position":1,"name":"Prima pagin\u0103","item":"https:\/\/addjc.ro\/"},{"@type":"ListItem","position":2,"name":"Legisla\u021bie"}]},{"@type":"WebSite","@id":"https:\/\/addjc.ro\/#website","url":"https:\/\/addjc.ro\/","name":"Constanta County Sustainable Development Association","description":"The most ambitious development plan","potentialAction":[{"@type":"SearchAction","target":{"@type":"EntryPoint","urlTemplate":"https:\/\/addjc.ro\/?s={search_term_string}"},"query-input":{"@type":"PropertyValueSpecification","valueRequired":true,"valueName":"search_term_string"}}],"inLanguage":"en-US"}]}},"_links":{"self":[{"href":"https:\/\/addjc.ro\/en\/wp-json\/wp\/v2\/pages\/1355","targetHints":{"allow":["GET"]}}],"collection":[{"href":"https:\/\/addjc.ro\/en\/wp-json\/wp\/v2\/pages"}],"about":[{"href":"https:\/\/addjc.ro\/en\/wp-json\/wp\/v2\/types\/page"}],"author":[{"embeddable":true,"href":"https:\/\/addjc.ro\/en\/wp-json\/wp\/v2\/users\/1"}],"replies":[{"embeddable":true,"href":"https:\/\/addjc.ro\/en\/wp-json\/wp\/v2\/comments?post=1355"}],"version-history":[{"count":10,"href":"https:\/\/addjc.ro\/en\/wp-json\/wp\/v2\/pages\/1355\/revisions"}],"predecessor-version":[{"id":1798,"href":"https:\/\/addjc.ro\/en\/wp-json\/wp\/v2\/pages\/1355\/revisions\/1798"}],"wp:attachment":[{"href":"https:\/\/addjc.ro\/en\/wp-json\/wp\/v2\/media?parent=1355"}],"curies":[{"name":"wp","href":"https:\/\/api.w.org\/{rel}","templated":true}]}}