{"id":1336,"date":"2022-05-10T12:16:46","date_gmt":"2022-05-10T09:16:46","guid":{"rendered":"https:\/\/addjc.ro\/?page_id=1336"},"modified":"2025-03-25T14:25:27","modified_gmt":"2025-03-25T11:25:27","slug":"about","status":"publish","type":"page","link":"https:\/\/addjc.ro\/en\/about\/","title":{"rendered":"About us"},"content":{"rendered":"<div class=\"vc_row wpb_row vc_row-fluid vc_custom_1651657554387\"><div class=\"wpb_column vc_column_container vc_col-sm-12\"><div class=\"vc_column-inner vc_custom_1652338963167\"><div class=\"wpb_wrapper\"><div id=\"ultimate-heading-200169f275ba905a5\" class=\"uvc-heading ult-adjust-bottom-margin ultimate-heading-200169f275ba905a5 uvc-3076 accent-border-color accent-subtitle-color\" data-hspacer=\"no_spacer\"  data-halign=\"center\" style=\"text-align:center\"><div class=\"uvc-heading-spacer no_spacer\" style=\"top\"><\/div><div class=\"uvc-main-heading ult-responsive\"  data-ultimate-target='.uvc-heading.ultimate-heading-200169f275ba905a5 h2'  data-responsive-json-new='{\"font-size\":\"desktop:40px;\",\"line-height\":\"desktop:50px;\"}' ><h2 style=\"font-weight:bold;\">About us<\/h2><\/div><\/div><div class=\"ult-spacer spacer-69f275ba905dd\" data-id=\"69f275ba905dd\" data-height=\"35\" data-height-mobile=\"35\" data-height-tab=\"35\" data-height-tab-portrait=\"\" data-height-mobile-landscape=\"\" style=\"clear:both;display:block;\"><\/div>\n\t<div class=\"wpb_text_column wpb_content_element\" >\n\t\t<div class=\"wpb_wrapper\">\n\t\t\t<div id=\"comp-l09nl647\" class=\"txtTheme\" data-packed=\"false\" data-vertical-text=\"false\" data-min-height=\"116\">\n<p class=\"font_8\">The Association for Sustainable Development of Constan\u021ba County, founded by the Constan\u021ba County Council and the Constan\u021ba City Hall, was designed to develop and implement essential, sustainable and sustainable projects for the benefit of the entire community.<\/p>\n<p class=\"font_8\">The aim is to provide advice to local governments in attracting funding for the development of various projects, through the experts available to the Association, as well as to directly produce such large-scale projects for local governments, for the benefit of citizens.<\/p>\n<p class=\"font_8\">The Sustainable Development Association of Constan\u021ba County functions as a bridge that unites state institutions with the business environment and civil society. Thus, the main objective of the Association is to provide Constan\u021ba County with a healthy environment for development, which can ensure a coherent and sustainable future for the entire region.<\/p>\n<\/div>\n\n\t\t<\/div>\n\t<\/div>\n<div class=\"ult-spacer spacer-69f275ba90714\" data-id=\"69f275ba90714\" data-height=\"35\" data-height-mobile=\"35\" data-height-tab=\"35\" data-height-tab-portrait=\"\" data-height-mobile-landscape=\"\" style=\"clear:both;display:block;\"><\/div><div id=\"modal-trg-txt-wrap-7235\" class=\"ult-modal-input-wrapper ult-adjust-bottom-margin\" data-keypress-control=\"keypress-control-enable\" data-overlay-control=\"overlay-control-enable\"><button  data-ultimate-target='#modal-trg-txt-wrap-7235 .btn-modal'  data-responsive-json-new='{\"font-size\":\"\",\"line-height\":\"\"}'  style=\"background:#008afc;border-color:#008afc;color:#ffffff; \" data-class-id=\"content-69f275ba907595-65435381\" class=\"btn-modal ult-responsive btn-primary btn-modal-md overlay-show ult-align-center btn-id-69f275ba907595-65435381\" data-overlay-class=\"overlay-cornerbottomleft\">Chairman<\/button><\/div>\n<div class=\"ult-overlay content-69f275ba907595-65435381\" data-class=\"content-69f275ba907595-65435381\" id=\"button-click-overlay\" style=\"background:rgba(51,51,51,0.8); display:none;\">\n\t<div class=\"ult_modal ult-fade ult-medium\">\n\t\t<div id=\"ult-modal-wrap-8436\" class=\"ult_modal-content ult-hide\" style=\"border-style:solid;border-width:2px;border-radius:0px;border-color:#333333;\">\n\t\t\t<div class=\"ult_modal-header\" style=\"color:#333333;border-color:#333333;\">\n\t\t\t\t<h3  data-ultimate-target='#ult-modal-wrap-8436 .ult_modal-title'  data-responsive-json-new='{\"font-size\":\"\",\"line-height\":\"\"}'  class=\"ult_modal-title ult-responsive\">Chairman<\/h3>\n\t\t\t<\/div>\n\t\t\t<div  data-ultimate-target='#ult-modal-wrap-8436 .ult_modal-body'  data-responsive-json-new='{\"font-size\":\"\",\"line-height\":\"\"}'  class=\"ult_modal-body ult-responsive ult-html\" style=\"\">\n\t\t\t<\/p>\n<div id=\"comp-l09nsw7s\" class=\"\">\n<div class=\"stylablebutton1822084229__container\">\n<p class=\"font_8\">Stelian Bude\u0219<\/p>\n<\/div>\n<\/div>\n<p>\n\t\t\t<\/div>\n\t<\/div>\n\t<\/div>\n\t<div class=\"ult-overlay-close top-right\" style=\"width:80px;height:80px; \"><div class=\"ult-overlay-close-inside\">Close<\/div><\/div>\n<\/div><div class=\"ult-spacer spacer-69f275ba90795\" data-id=\"69f275ba90795\" data-height=\"35\" data-height-mobile=\"35\" data-height-tab=\"35\" data-height-tab-portrait=\"\" data-height-mobile-landscape=\"\" style=\"clear:both;display:block;\"><\/div><div id=\"modal-trg-txt-wrap-3202\" class=\"ult-modal-input-wrapper ult-adjust-bottom-margin\" data-keypress-control=\"keypress-control-enable\" data-overlay-control=\"overlay-control-enable\"><button  data-ultimate-target='#modal-trg-txt-wrap-3202 .btn-modal'  data-responsive-json-new='{\"font-size\":\"\",\"line-height\":\"\"}'  style=\"background:#008afc;border-color:#008afc;color:#FFFFFF; \" data-class-id=\"content-69f275ba907c27-21388001\" class=\"btn-modal ult-responsive btn-primary btn-modal-md overlay-show ult-align-center btn-id-69f275ba907c27-21388001\" data-overlay-class=\"overlay-cornerbottomleft\">The ADD team<\/button><\/div>\n<div class=\"ult-overlay content-69f275ba907c27-21388001\" data-class=\"content-69f275ba907c27-21388001\" id=\"button-click-overlay\" style=\"background:rgba(51,51,51,0.8); display:none;\">\n\t<div class=\"ult_modal ult-fade ult-medium\">\n\t\t<div id=\"ult-modal-wrap-1592\" class=\"ult_modal-content ult-hide\" style=\"border-style:solid;border-width:2px;border-radius:0px;border-color:#333333;\">\n\t\t\t<div class=\"ult_modal-header\" style=\"color:#333333;border-color:#333333;\">\n\t\t\t\t<h3  data-ultimate-target='#ult-modal-wrap-1592 .ult_modal-title'  data-responsive-json-new='{\"font-size\":\"\",\"line-height\":\"\"}'  class=\"ult_modal-title ult-responsive\">The ADD team<\/h3>\n\t\t\t<\/div>\n\t\t\t<div  data-ultimate-target='#ult-modal-wrap-1592 .ult_modal-body'  data-responsive-json-new='{\"font-size\":\"\",\"line-height\":\"\"}'  class=\"ult_modal-body ult-responsive ult-html\" style=\"\">\n\t\t\t<\/p>\n<p class=\"&quot;font_8\" style=\"text-align: center;\">STELIAN BUDE\u015e &#8211; PRE\u015eEDINTE<\/p>\n<p class=\"&quot;font_8\" style=\"text-align: center;\">GIANINA IONELA TOPOLOV &#8211; DIRECTOR EXECUTIV<\/p>\n<p class=\"&quot;font_8\" style=\"text-align: center;\">VASINCU PROCOPIE-OVIDIU \u2013 TECHNICAL ADVISOR<\/p>\n<p class=\"&quot;font_8\" style=\"text-align: center;\">ROFCEA ELISABETA \u2013 ASSISTANT MANAGER<\/p>\n<p class=\"&quot;font_8\" style=\"text-align: center;\">T\u0102TARU ANDREI &#8211; EXPERT DEZVOLTARE DURABIL\u0102<\/p>\n<p>\n\t\t\t<\/div>\n\t<\/div>\n\t<\/div>\n\t<div class=\"ult-overlay-close top-right\" style=\"width:80px;height:80px; \"><div class=\"ult-overlay-close-inside\">Close<\/div><\/div>\n<\/div><div class=\"ult-spacer spacer-69f275ba907eb\" data-id=\"69f275ba907eb\" data-height=\"35\" data-height-mobile=\"35\" data-height-tab=\"35\" data-height-tab-portrait=\"\" data-height-mobile-landscape=\"\" style=\"clear:both;display:block;\"><\/div><\/div><\/div><\/div><div class=\"wpb_column vc_column_container vc_col-sm-12\"><div class=\"vc_column-inner\"><div class=\"wpb_wrapper\"><\/div><\/div><\/div><\/div><div id=\"contact\" class=\"vc_row wpb_row vc_row-fluid vc_custom_1492767219064 vc_row-o-equal-height vc_row-flex\"><div class=\"wpb_column vc_column_container vc_col-sm-12 vc_col-lg-6 vc_col-md-6\"><div class=\"vc_column-inner\"><div class=\"wpb_wrapper\"><div id=\"ultimate-heading-907269f275ba90dd1\" class=\"uvc-heading ult-adjust-bottom-margin ultimate-heading-907269f275ba90dd1 uvc-1844 accent-border-color accent-subtitle-color\" data-hspacer=\"no_spacer\"  data-halign=\"left\" style=\"text-align:left\"><div class=\"uvc-heading-spacer no_spacer\" style=\"top\"><\/div><div class=\"uvc-main-heading ult-responsive\"  data-ultimate-target='.uvc-heading.ultimate-heading-907269f275ba90dd1 h2'  data-responsive-json-new='{\"font-size\":\"desktop:50px;tablet_portrait:40px;\",\"line-height\":\"desktop:60px;tablet_portrait:50px;\"}' ><h2 style=\"font-weight:bold;color:#ffffff;margin-bottom:30px;\">Contact<\/h2><\/div><\/div><div class=\"aio-icon-component  vc_custom_1655472108300  dt-phone style_1\"><div id=\"Info-box-wrap-6501\" class=\"aio-icon-box default-icon\" style=\"\"  ><div class=\"aio-icon-default\"><div class=\"ult-just-icon-wrapper\"><div class=\"align-icon\" style=\"text-align:center;\">\n<div class=\"aio-icon none\"  style=\"color:#ffffff;font-size:24px;display:inline-block;\">\n\t<i class=\"icomoon-font-awesome-14x14-phone\"><\/i>\n<\/div><\/div><\/div><\/div><div class=\"aio-icon-header\" ><h3 class=\"aio-icon-title ult-responsive\"  data-ultimate-target='#Info-box-wrap-6501 .aio-icon-title'  data-responsive-json-new='{\"font-size\":\"desktop:24px;\",\"line-height\":\"desktop:24px;\"}'  style=\"font-family:&#039;Open Sans&#039;;font-weight:700;color:#ffffff;\">+40 734 843 073<\/h3><\/div> <!-- header --><\/div> <!-- aio-icon-box --><\/div> <!-- aio-icon-component --><div class=\"aio-icon-component  vc_custom_1651574688094   style_1\"><div id=\"Info-box-wrap-7286\" class=\"aio-icon-box default-icon\" style=\"\"  ><div class=\"aio-icon-default\"><div class=\"ult-just-icon-wrapper\"><div class=\"align-icon\" style=\"text-align:center;\">\n<div class=\"aio-icon none\"  style=\"color:#ffffff;font-size:24px;display:inline-block;\">\n\t<i class=\"icomoon-font-awesome-14x14-envelope\"><\/i>\n<\/div><\/div><\/div><\/div><div class=\"aio-icon-header\" ><h3 class=\"aio-icon-title ult-responsive\"  data-ultimate-target='#Info-box-wrap-7286 .aio-icon-title'  data-responsive-json-new='{\"font-size\":\"desktop:18px;\",\"line-height\":\"desktop:24px;\"}'  style=\"font-family:&#039;Open Sans&#039;;font-weight:700;color:#ffffff;\">cabinet.presedinte@add-ct.ro<\/h3><\/div> <!-- header --><\/div> <!-- aio-icon-box --><\/div> <!-- aio-icon-component --><div class=\"aio-icon-component  vc_custom_1742460295612   style_1\"><div id=\"Info-box-wrap-6816\" class=\"aio-icon-box default-icon\" style=\"\"  ><div class=\"aio-icon-default\"><div class=\"ult-just-icon-wrapper\"><div class=\"align-icon\" style=\"text-align:center;\">\n<div class=\"aio-icon none\"  style=\"color:#ffffff;font-size:24px;display:inline-block;\">\n\t<i class=\"icomoon-font-awesome-14x14-home\"><\/i>\n<\/div><\/div><\/div><\/div><div class=\"aio-icon-header\" ><h3 class=\"aio-icon-title ult-responsive\"  data-ultimate-target='#Info-box-wrap-6816 .aio-icon-title'  data-responsive-json-new='{\"font-size\":\"desktop:18px;\",\"line-height\":\"desktop:24px;\"}'  style=\"font-family:&#039;Open Sans&#039;;font-weight:700;color:#ffffff;\">Strada Nicolae Titulescu nr. 32, Constan\u021ba, jud. Constan\u021ba, 900734<\/h3><\/div> <!-- header --><\/div> <!-- aio-icon-box --><\/div> <!-- aio-icon-component --><div class=\"aio-icon-component  vc_custom_1742457069406   style_1\"><div id=\"Info-box-wrap-8492\" class=\"aio-icon-box default-icon\" style=\"\"  ><div class=\"aio-icon-default\"><div class=\"ult-just-icon-wrapper\"><div class=\"align-icon\" style=\"text-align:center;\">\n<div class=\"aio-icon none\"  style=\"color:#ffffff;font-size:24px;display:inline-block;\">\n\t<i class=\"icomoon-font-awesome-14x14-calendar\"><\/i>\n<\/div><\/div><\/div><\/div><div class=\"aio-icon-header\" ><h3 class=\"aio-icon-title ult-responsive\"  data-ultimate-target='#Info-box-wrap-8492 .aio-icon-title'  data-responsive-json-new='{\"font-size\":\"desktop:18px;\",\"line-height\":\"desktop:28px;\"}'  style=\"font-family:&#039;Open Sans&#039;;font-weight:700;color:#ffffff;\">Luni - Joi: 08.00 - 16.30<\/h3><\/div> <!-- header --><\/div> <!-- aio-icon-box --><\/div> <!-- aio-icon-component --><div class=\"aio-icon-component  vc_custom_1742457092723   style_1\"><div id=\"Info-box-wrap-6327\" class=\"aio-icon-box default-icon\" style=\"\"  ><div class=\"aio-icon-default\"><div class=\"ult-just-icon-wrapper\"><div class=\"align-icon\" style=\"text-align:center;\">\n<div class=\"aio-icon none\"  style=\"color:#ffffff;font-size:24px;display:inline-block;\">\n\t<i class=\"icomoon-font-awesome-14x14-calendar\"><\/i>\n<\/div><\/div><\/div><\/div><div class=\"aio-icon-header\" ><h3 class=\"aio-icon-title ult-responsive\"  data-ultimate-target='#Info-box-wrap-6327 .aio-icon-title'  data-responsive-json-new='{\"font-size\":\"desktop:18px;\",\"line-height\":\"desktop:28px;\"}'  style=\"font-family:&#039;Open Sans&#039;;font-weight:700;color:#ffffff;\">Vineri: 08.00 - 14.00<\/h3><\/div> <!-- header --><\/div> <!-- aio-icon-box --><\/div> <!-- aio-icon-component --><div class=\"uavc-icons\">\n<a class=\"aio-tooltip 69f275ba91191\" href=\"#\" target=\"_blank\" rel=\"noopener\"  data-toggle=\"tooltip\" data-placement=\"top\" title=\"Facebook\"><div class=\"aio-icon circle\" data-animation=\"\" data-animation-delay=\"03\" style=\"color:#ffffff;background:#3d5ccc;font-size:24px;margin-right:5px;\">\n\t<i class=\"icomoon-font-awesome-14x14-facebook-official\"><\/i>\n<\/div><\/a>\n<a class=\"aio-tooltip 69f275ba911be\" href=\"#\" target=\"_blank\" rel=\"noopener\"  data-toggle=\"tooltip\" data-placement=\"top\" title=\"Twitter\"><div class=\"aio-icon circle\" data-animation=\"\" data-animation-delay=\"03\" style=\"color:#ffffff;background:#26b8d6;font-size:24px;margin-right:5px;\">\n\t<i class=\"icomoon-font-awesome-14x14-twitter-square\"><\/i>\n<\/div><\/a>\n<a class=\"aio-tooltip 69f275ba911dd\" href=\"#\" target=\"_blank\" rel=\"noopener\"  data-toggle=\"tooltip\" data-placement=\"top\" title=\"Instagram\"><div class=\"aio-icon circle\" data-animation=\"\" data-animation-delay=\"03\" style=\"color:#ffffff;background:#b42ccc;font-size:24px;margin-right:5px;\">\n\t<i class=\"icomoon-font-awesome-14x14-instagram\"><\/i>\n<\/div><\/a>\n<a class=\"aio-tooltip 69f275ba911fa\" href=\"#\" target=\"_blank\" rel=\"noopener\"  data-toggle=\"tooltip\" data-placement=\"top\" title=\"YouTube\"><div class=\"aio-icon circle\" data-animation=\"\" data-animation-delay=\"03\" style=\"color:#ffffff;background:#cc2e2e;font-size:24px;margin-right:5px;\">\n\t<i class=\"icomoon-font-awesome-14x14-youtube-square\"><\/i>\n<\/div><\/a><\/div><\/div><\/div><\/div><div class=\"wpb_column vc_column_container vc_col-sm-12 vc_col-lg-6 vc_col-md-6\"><div class=\"vc_column-inner\"><div class=\"wpb_wrapper\">\n\t<div class=\"wpb_text_column wpb_content_element  vc_custom_1655800719334\" >\n\t\t<div class=\"wpb_wrapper\">\n\t\t\t<p><span style=\"color: #ffffff;\">For requests or information,<\/span><br \/>\n<span style=\"color: #ffffff;\">please use the following form:<\/span><\/p>\n\n\t\t<\/div>\n\t<\/div>\n\n<div class=\"wpcf7 no-js\" id=\"wpcf7-f1154-o1\" lang=\"en-GB\" dir=\"ltr\" data-wpcf7-id=\"1154\">\n<div class=\"screen-reader-response\"><p role=\"status\" aria-live=\"polite\" aria-atomic=\"true\"><\/p> <ul><\/ul><\/div>\n<form action=\"\/en\/wp-json\/wp\/v2\/pages\/1336#wpcf7-f1154-o1\" method=\"post\" class=\"wpcf7-form init\" aria-label=\"Contact form\" novalidate=\"novalidate\" data-status=\"init\" data-trp-original-action=\"\/en\/wp-json\/wp\/v2\/pages\/1336#wpcf7-f1154-o1\">\n<fieldset class=\"hidden-fields-container\"><input type=\"hidden\" name=\"_wpcf7\" value=\"1154\" \/><input type=\"hidden\" name=\"_wpcf7_version\" value=\"6.1.5\" \/><input type=\"hidden\" name=\"_wpcf7_locale\" value=\"en_GB\" \/><input type=\"hidden\" name=\"_wpcf7_unit_tag\" value=\"wpcf7-f1154-o1\" \/><input type=\"hidden\" name=\"_wpcf7_container_post\" value=\"0\" \/><input type=\"hidden\" name=\"_wpcf7_posted_data_hash\" value=\"\" \/><input type=\"hidden\" name=\"_wpcf7_recaptcha_response\" value=\"\" \/>\n<\/fieldset>\n<p><span class=\"contact-form-white-titles\">Name*<\/span><br \/>\n<span class=\"wpcf7-form-control-wrap\" data-name=\"your-name\"><input size=\"40\" maxlength=\"400\" class=\"wpcf7-form-control wpcf7-text wpcf7-validates-as-required required\" aria-required=\"true\" aria-invalid=\"false\" value=\"\" type=\"text\" name=\"your-name\" \/><\/span><br \/>\n<span class=\"contact-form-white-titles\">Email*<\/span><br \/>\n<span class=\"wpcf7-form-control-wrap\" data-name=\"your-mail\"><input size=\"40\" maxlength=\"400\" class=\"wpcf7-form-control wpcf7-email wpcf7-validates-as-required wpcf7-text wpcf7-validates-as-email required\" aria-required=\"true\" aria-invalid=\"false\" value=\"\" type=\"email\" name=\"your-mail\" \/><\/span><br \/>\n<span class=\"contact-form-white-titles\">Phone*<\/span><br \/>\n<span class=\"wpcf7-form-control-wrap\" data-name=\"your-phone\"><input size=\"40\" maxlength=\"400\" class=\"wpcf7-form-control wpcf7-text wpcf7-validates-as-required required\" aria-required=\"true\" aria-invalid=\"false\" value=\"\" type=\"text\" name=\"your-phone\" \/><\/span><br \/>\n<span class=\"contact-form-white-titles\">Message<\/span><br \/>\n<span class=\"wpcf7-form-control-wrap\" data-name=\"your-message\"><textarea cols=\"40\" rows=\"6\" maxlength=\"2000\" class=\"wpcf7-form-control wpcf7-textarea\" aria-invalid=\"false\" name=\"your-message\"><\/textarea><\/span>\n<\/p>\n<p><input class=\"wpcf7-form-control wpcf7-submit has-spinner\" type=\"submit\" value=\"Send!\" \/>\n<\/p><div class=\"wpcf7-response-output\" aria-hidden=\"true\"><\/div>\n<input type=\"hidden\" name=\"trp-form-language\" value=\"en\"\/><\/form>\n<\/div>\n<\/div><\/div><\/div><\/div><!-- Row Backgrounds --><div class=\"upb_bg_img\" data-ultimate-bg=\"url(https:\/\/addjc.ro\/wp-content\/uploads\/2016\/02\/tr-005.jpg)\" data-image-id=\"id^628|url^https:\/\/addjc.ro\/wp-content\/uploads\/2016\/02\/tr-005.jpg|caption^null|alt^null|title^tr-005|description^null\" data-ultimate-bg-style=\"vcpb-default\" data-bg-img-repeat=\"no-repeat\" data-bg-img-size=\"cover\" data-bg-img-position=\"\" data-parallx_sense=\"30\" data-bg-override=\"full\" data-bg_img_attach=\"fixed\" data-upb-overlay-color=\"rgba(0,0,0,0.75)\" data-upb-bg-animation=\"\" data-fadeout=\"\" data-bg-animation=\"left-animation\" data-bg-animation-type=\"h\" data-animation-repeat=\"repeat\" data-fadeout-percentage=\"30\" data-parallax-content=\"\" data-parallax-content-sense=\"30\" data-row-effect-mobile-disable=\"true\" data-img-parallax-mobile-disable=\"true\" data-rtl=\"false\"  data-custom-vc-row=\"\"  data-vc=\"6.8.0\"  data-is_old_vc=\"\"  data-theme-support=\"\"   data-overlay=\"true\" data-overlay-color=\"rgba(0,0,0,0.75)\" data-overlay-pattern=\"\" data-overlay-pattern-opacity=\"0.8\" data-overlay-pattern-size=\"\" data-overlay-pattern-attachment=\"scroll\"    ><\/div>","protected":false},"excerpt":{"rendered":"<p>Despre noi Asocia\u021bia de Dezvoltare Durabil\u0103 a Jude\u021bului Constan\u021ba, fondat\u0103 de Consiliul Jude\u021bean Constan\u021ba \u0219i de Prim\u0103ria Municipiului Constan\u021ba, a fost g\u00e2ndit\u0103 pentru a dezvolta \u0219i implementa proiecte esen\u021biale, durabile \u0219i sustenabile \u00een folosul \u00eentregii comunit\u0103\u021bi. Scopul este de a oferi consultan\u021b\u0103 administra\u021biilor locale \u00een atragerea de finan\u021b\u0103ri pentru dezvoltarea diferitelor proiecte, prin intermediul exper\u021bilor&hellip;<\/p>","protected":false},"author":1,"featured_media":0,"parent":0,"menu_order":10,"comment_status":"closed","ping_status":"open","template":"template-microsite.php","meta":{"footnotes":""},"class_list":["post-1336","page","type-page","status-publish","hentry","description-off"],"yoast_head":"<!-- This site is optimized with the Yoast SEO plugin v27.5 - https:\/\/yoast.com\/product\/yoast-seo-wordpress\/ -->\n<title>Despre noi - Asociatia de Dezvoltare Durabila a Judetului Constanta<\/title>\n<meta name=\"robots\" content=\"index, follow, max-snippet:-1, max-image-preview:large, max-video-preview:-1\" \/>\n<link rel=\"canonical\" href=\"https:\/\/addjc.ro\/en\/about\/\" \/>\n<meta property=\"og:locale\" content=\"en_US\" \/>\n<meta property=\"og:type\" content=\"article\" \/>\n<meta property=\"og:title\" content=\"Despre noi - Asociatia de Dezvoltare Durabila a Judetului Constanta\" \/>\n<meta property=\"og:url\" content=\"https:\/\/addjc.ro\/en\/about\/\" \/>\n<meta property=\"og:site_name\" content=\"Asociatia de Dezvoltare Durabila a Judetului Constanta\" \/>\n<meta property=\"article:modified_time\" content=\"2025-03-25T11:25:27+00:00\" \/>\n<meta name=\"twitter:card\" content=\"summary_large_image\" \/>\n<meta name=\"twitter:label1\" content=\"Est. reading time\" \/>\n\t<meta name=\"twitter:data1\" content=\"3 minutes\" \/>\n<script type=\"application\/ld+json\" class=\"yoast-schema-graph\">{\"@context\":\"https:\\\/\\\/schema.org\",\"@graph\":[{\"@type\":\"WebPage\",\"@id\":\"https:\\\/\\\/addjc.ro\\\/about\\\/\",\"url\":\"https:\\\/\\\/addjc.ro\\\/about\\\/\",\"name\":\"Despre noi - Asociatia de Dezvoltare Durabila a Judetului Constanta\",\"isPartOf\":{\"@id\":\"https:\\\/\\\/addjc.ro\\\/#website\"},\"datePublished\":\"2022-05-10T09:16:46+00:00\",\"dateModified\":\"2025-03-25T11:25:27+00:00\",\"breadcrumb\":{\"@id\":\"https:\\\/\\\/addjc.ro\\\/about\\\/#breadcrumb\"},\"inLanguage\":\"en-US\",\"potentialAction\":[{\"@type\":\"ReadAction\",\"target\":[\"https:\\\/\\\/addjc.ro\\\/about\\\/\"]}]},{\"@type\":\"BreadcrumbList\",\"@id\":\"https:\\\/\\\/addjc.ro\\\/about\\\/#breadcrumb\",\"itemListElement\":[{\"@type\":\"ListItem\",\"position\":1,\"name\":\"Prima pagin\u0103\",\"item\":\"https:\\\/\\\/addjc.ro\\\/\"},{\"@type\":\"ListItem\",\"position\":2,\"name\":\"Despre noi\"}]},{\"@type\":\"WebSite\",\"@id\":\"https:\\\/\\\/addjc.ro\\\/#website\",\"url\":\"https:\\\/\\\/addjc.ro\\\/\",\"name\":\"Asociatia de Dezvoltare Durabila a Judetului Constanta\",\"description\":\"Cel mai ambitios plan de dezvoltare\",\"potentialAction\":[{\"@type\":\"SearchAction\",\"target\":{\"@type\":\"EntryPoint\",\"urlTemplate\":\"https:\\\/\\\/addjc.ro\\\/?s={search_term_string}\"},\"query-input\":{\"@type\":\"PropertyValueSpecification\",\"valueRequired\":true,\"valueName\":\"search_term_string\"}}],\"inLanguage\":\"en-US\"}]}<\/script>\n<!-- \/ Yoast SEO plugin. -->","yoast_head_json":{"title":"Despre noi - Asociatia de Dezvoltare Durabila a Judetului Constanta","robots":{"index":"index","follow":"follow","max-snippet":"max-snippet:-1","max-image-preview":"max-image-preview:large","max-video-preview":"max-video-preview:-1"},"canonical":"https:\/\/addjc.ro\/en\/about\/","og_locale":"en_US","og_type":"article","og_title":"Despre noi - Asociatia de Dezvoltare Durabila a Judetului Constanta","og_url":"https:\/\/addjc.ro\/en\/about\/","og_site_name":"Asociatia de Dezvoltare Durabila a Judetului Constanta","article_modified_time":"2025-03-25T11:25:27+00:00","twitter_card":"summary_large_image","twitter_misc":{"Est. reading time":"3 minutes"},"schema":{"@context":"https:\/\/schema.org","@graph":[{"@type":"WebPage","@id":"https:\/\/addjc.ro\/about\/","url":"https:\/\/addjc.ro\/about\/","name":"Despre noi - Asociatia de Dezvoltare Durabila a Judetului Constanta","isPartOf":{"@id":"https:\/\/addjc.ro\/#website"},"datePublished":"2022-05-10T09:16:46+00:00","dateModified":"2025-03-25T11:25:27+00:00","breadcrumb":{"@id":"https:\/\/addjc.ro\/about\/#breadcrumb"},"inLanguage":"en-US","potentialAction":[{"@type":"ReadAction","target":["https:\/\/addjc.ro\/about\/"]}]},{"@type":"BreadcrumbList","@id":"https:\/\/addjc.ro\/about\/#breadcrumb","itemListElement":[{"@type":"ListItem","position":1,"name":"Prima pagin\u0103","item":"https:\/\/addjc.ro\/"},{"@type":"ListItem","position":2,"name":"Despre noi"}]},{"@type":"WebSite","@id":"https:\/\/addjc.ro\/#website","url":"https:\/\/addjc.ro\/","name":"Constanta County Sustainable Development Association","description":"The most ambitious development plan","potentialAction":[{"@type":"SearchAction","target":{"@type":"EntryPoint","urlTemplate":"https:\/\/addjc.ro\/?s={search_term_string}"},"query-input":{"@type":"PropertyValueSpecification","valueRequired":true,"valueName":"search_term_string"}}],"inLanguage":"en-US"}]}},"_links":{"self":[{"href":"https:\/\/addjc.ro\/en\/wp-json\/wp\/v2\/pages\/1336","targetHints":{"allow":["GET"]}}],"collection":[{"href":"https:\/\/addjc.ro\/en\/wp-json\/wp\/v2\/pages"}],"about":[{"href":"https:\/\/addjc.ro\/en\/wp-json\/wp\/v2\/types\/page"}],"author":[{"embeddable":true,"href":"https:\/\/addjc.ro\/en\/wp-json\/wp\/v2\/users\/1"}],"replies":[{"embeddable":true,"href":"https:\/\/addjc.ro\/en\/wp-json\/wp\/v2\/comments?post=1336"}],"version-history":[{"count":35,"href":"https:\/\/addjc.ro\/en\/wp-json\/wp\/v2\/pages\/1336\/revisions"}],"predecessor-version":[{"id":1801,"href":"https:\/\/addjc.ro\/en\/wp-json\/wp\/v2\/pages\/1336\/revisions\/1801"}],"wp:attachment":[{"href":"https:\/\/addjc.ro\/en\/wp-json\/wp\/v2\/media?parent=1336"}],"curies":[{"name":"wp","href":"https:\/\/api.w.org\/{rel}","templated":true}]}}